{"id":1500,"date":"2018-11-07T01:00:29","date_gmt":"2018-11-07T06:00:29","guid":{"rendered":"https:\/\/e-lexia.com\/blog\/?page_id=1500"},"modified":"2023-06-09T13:49:55","modified_gmt":"2023-06-09T18:49:55","slug":"politica-de-privacidad","status":"publish","type":"page","link":"https:\/\/e-lexia.com\/blog\/politica-de-privacidad\/","title":{"rendered":"Pol\u00edtica de privacidad"},"content":{"rendered":"<p>Este sitio web recoge algunos datos personales de sus usuarios, para las siguientes finalidades y utilizando los siguientes servicios:<\/p>\n<div style=\"width:49%; display:inline-block; vertical-align:top; box-sizing: border-box; padding: 16px; border:1px solid #BBB; height:260px\">\n<p><strong>Contactar con el usuario<\/strong><\/p>\n<p>Formulario de contacto<\/p>\n<p>Datos personales: nombres, apellidos, direcci\u00f3n de correo electr\u00f3nico y p\u00e1gina web.<\/p>\n<\/div>\n<div style=\"width:49%; display:inline-block; vertical-align:top; box-sizing: border-box; padding: 16px; border:1px solid #BBB; height:260px\">\n<p><strong>Estad\u00edsticas<\/strong><\/p>\n<p>Google Analytics<\/p>\n<p>Datos personales: cookies y datos de usuario.<\/p>\n<\/div>\n<p><\/p>\n<p><a href=\"https:\/\/e-lexia.com\/blog\/wp-content\/contenido\/politica-privacidad-v1.pdf\">Leer la pol\u00edtica de privacidad completa<\/a><\/p>\n<p class=\"licencia\">\u00daltima revisi\u00f3n: 9 de junio de 2023<\/p>\n","protected":false},"excerpt":{"rendered":"<p>Este sitio web recoge algunos datos personales de sus usuarios, para las siguientes finalidades y utilizando los siguientes servicios: Contactar con el usuario Formulario de contacto Datos personales: nombres, apellidos, direcci\u00f3n de correo electr\u00f3nico y p\u00e1gina web. Estad\u00edsticas Google Analytics Datos personales: cookies y datos de usuario. Leer la pol\u00edtica&hellip;<\/p>\n","protected":false},"author":1,"featured_media":0,"parent":0,"menu_order":0,"comment_status":"closed","ping_status":"closed","template":"","meta":{"footnotes":""},"class_list":["post-1500","page","type-page","status-publish","hentry"],"aioseo_notices":[],"_links":{"self":[{"href":"https:\/\/e-lexia.com\/blog\/wp-json\/wp\/v2\/pages\/1500","targetHints":{"allow":["GET"]}}],"collection":[{"href":"https:\/\/e-lexia.com\/blog\/wp-json\/wp\/v2\/pages"}],"about":[{"href":"https:\/\/e-lexia.com\/blog\/wp-json\/wp\/v2\/types\/page"}],"author":[{"embeddable":true,"href":"https:\/\/e-lexia.com\/blog\/wp-json\/wp\/v2\/users\/1"}],"replies":[{"embeddable":true,"href":"https:\/\/e-lexia.com\/blog\/wp-json\/wp\/v2\/comments?post=1500"}],"version-history":[{"count":0,"href":"https:\/\/e-lexia.com\/blog\/wp-json\/wp\/v2\/pages\/1500\/revisions"}],"wp:attachment":[{"href":"https:\/\/e-lexia.com\/blog\/wp-json\/wp\/v2\/media?parent=1500"}],"curies":[{"name":"wp","href":"https:\/\/api.w.org\/{rel}","templated":true}]}}