{"id":2253,"date":"2009-03-18T15:18:47","date_gmt":"2009-03-18T20:18:47","guid":{"rendered":"https:\/\/e-lexia.com\/blog\/?page_id=2"},"modified":"2024-07-11T11:01:16","modified_gmt":"2024-07-11T16:01:16","slug":"juancadotcom","status":"publish","type":"page","link":"https:\/\/e-lexia.com\/blog\/juancadotcom\/","title":{"rendered":"Sobre el autor"},"content":{"rendered":"<p><img loading=\"lazy\" decoding=\"async\" width=\"600\" height=\"230\" class=\"size-full wp-image-1894\" style=\"width: 100%; height: auto;\" src=\"https:\/\/e-lexia.com\/blog\/wp-content\/uploads\/2020\/09\/juan-carlos-morales-saldarriaga-banner.jpg\" alt=\"Juan Carlos Morales S. Fotograf\u00eda por Yury Baena M.\" srcset=\"https:\/\/e-lexia.com\/blog\/wp-content\/uploads\/2020\/09\/juan-carlos-morales-saldarriaga-banner.jpg 600w, https:\/\/e-lexia.com\/blog\/wp-content\/uploads\/2020\/09\/juan-carlos-morales-saldarriaga-banner-300x115.jpg 300w\" sizes=\"auto, (max-width: 600px) 100vw, 600px\" \/><\/p>\n<p>Soy profesional universitario en comunicaci\u00f3n social &#8211; periodismo. Logr\u00e9 una especializaci\u00f3n en periodismo electr\u00f3nico y un postgrado en tecnolog\u00eda educativa y producci\u00f3n de <em>e-Learning<\/em>. Adem\u00e1s, finalic\u00e9 una maestr\u00eda en educaci\u00f3n virtual, donde obtuve menci\u00f3n <em>Summa Cum Laude<\/em>.<\/p>\n<p>Sobre mi experiencia profesional, he sido profesor universitario en diferentes instituciones latinoamericanas, con participaci\u00f3n en cursos y proyectos de investigaci\u00f3n sobre comunicaci\u00f3n, periodismo, tecnolog\u00eda educativa y \u00e9tica profesional.<\/p>\n<p>Como comunicador digital, he acompa\u00f1ado a diferentes empresas p\u00fablicas y privadas de la regi\u00f3n en la creaci\u00f3n, diagn\u00f3stico, ejecuci\u00f3n y valoraci\u00f3n de sus estrategias de marca, divulgaci\u00f3n y apropiaci\u00f3n de conocimiento.<\/p>\n<p>Y como proyecci\u00f3n profesional, act\u00fao como Experto de Productos Google y EduTuber. En ambos programas con reconocimiento directo y expl\u00edcito de Google y YouTube, lo que me permite acceso exclusivo a capacitaciones y funciones experimentales; participaci\u00f3n en cumbres globales de Google, entre otras posibilidades.<\/p>\n<p>Mi esp\u00edritu emprendedor nace en 2005 con la fundaci\u00f3n de la marca <a href=\"https:\/\/e-lexia.com\/\">e-Lexia.com<\/a>, producto de aprendizajes y experiencias acad\u00e9micas e investigativas logradas en la Universidad de Antioquia (Colombia).<\/p>\n<p>Por \u00faltimo, me apasiona crear y compartir contenidos. Adem\u00e1s, soy aficionado al piano y la guitarra.<\/p>\n<p>He dispuesto un <a href=\"https:\/\/e-lexia.com\/yo\">perfil profesional en l\u00ednea<\/a> que detalla mi formaci\u00f3n y experiencia.<\/p>\n<h2>Otras participaciones<\/h2>\n<p>Adem\u00e1s de este blog, tambi\u00e9n produzco contenidos en:<\/p>\n<ul>\n<li><a href=\"https:\/\/actorenformacion.blogspot.com.co\/\" rel=\"noopener\" target=\"_blank\">Actor en Formaci\u00f3n<\/a>.<\/li>\n<li><a href=\"https:\/\/begraphicdesigner.tumblr.com\/\" rel=\"noopener\" target=\"_blank\">Be! Graphic Designer<\/a>.<\/li>\n<li><a href=\"https:\/\/e-lexia.com\/diccionario-tic\/\" rel=\"noopener\" target=\"_blank\">Diccionario TIC<\/a>.<\/li>\n<li><a href=\"https:\/\/youtube.com\/@e-lexia?sub_confirmation=1\" rel=\"noopener\" target=\"_blank\">e-Lexia (YT)<\/a>.<\/li>\n<li><a href=\"https:\/\/youtube.com\/@escuela-digital?sub_confirmation=1\" rel=\"noopener\" target=\"_blank\">Escuela Digital (YT)<\/a>.<\/li>\n<li><a href=\"https:\/\/productexperts.withgoogle.com\/directory\/825720e3-a5bd-49a8-82b0-d5034271c490\" rel=\"noopener\" target=\"_blank\">Google Product Expert<\/a>.<\/li>\n<li><a href=\"http:\/\/videointeractivetruth.wordpress.com\/\" rel=\"noopener\" target=\"_blank\">Interactive Truth<\/a>.<\/li>\n<li><a href=\"https:\/\/e-lexia.com\/medellintips\" rel=\"noopener\" target=\"_blank\">Medell\u00edn.Tips<\/a>.<\/li>\n<li><a href=\"https:\/\/youtube.com\/@MemoriaSigloXX?vsub_confirmation=1\" rel=\"noopener\" target=\"_blank\">Memoria (YT)<\/a>.<\/li>\n<li><a href=\"https:\/\/e-lexia.com\/tutorial\/\" rel=\"noopener\" target=\"_blank\">Tutoriales<\/a>.<\/li>\n<\/ul>\n<p class=\"firma\">&#8212;<br \/> <span class=\"fn\"><b>Juan Carlos Morales S.<\/b><\/span><br \/> Comunicador y educador<br \/> <span class=\"firma_redes\"> <a href=\"https:\/\/www.youtube.com\/@escuela-digital?sub_confirmation=1\" target=\"_blank\" rel=\"noopener noreferrer\">YouTube<\/a> | <a href=\"https:\/\/www.linkedin.com\/in\/juancadotcom\" target=\"_blank\" rel=\"noopener noreferrer\">LinkedIn<\/a> | <a href=\"https:\/\/www.instagram.com\/escueladigital.co\" target=\"_blank\" rel=\"noopener noreferrer\">Instagram<\/a> | <a href=\"https:\/\/x.com\/juancadotcom\" target=\"_blank\" rel=\"noopener noreferrer\">Twitter<\/a> <\/span><\/p>\n","protected":false},"excerpt":{"rendered":"<p>Soy profesional universitario en comunicaci\u00f3n social &#8211; periodismo. Logr\u00e9 una especializaci\u00f3n en periodismo electr\u00f3nico y un postgrado en tecnolog\u00eda educativa y producci\u00f3n de e-Learning. Adem\u00e1s, finalic\u00e9 una maestr\u00eda en educaci\u00f3n virtual, donde obtuve menci\u00f3n Summa Cum Laude. Sobre mi experiencia profesional, he sido profesor universitario en diferentes instituciones latinoamericanas, con&hellip;<\/p>\n","protected":false},"author":1,"featured_media":0,"parent":0,"menu_order":0,"comment_status":"closed","ping_status":"closed","template":"","meta":{"footnotes":""},"class_list":["post-2253","page","type-page","status-publish","hentry"],"aioseo_notices":[],"_links":{"self":[{"href":"https:\/\/e-lexia.com\/blog\/wp-json\/wp\/v2\/pages\/2253","targetHints":{"allow":["GET"]}}],"collection":[{"href":"https:\/\/e-lexia.com\/blog\/wp-json\/wp\/v2\/pages"}],"about":[{"href":"https:\/\/e-lexia.com\/blog\/wp-json\/wp\/v2\/types\/page"}],"author":[{"embeddable":true,"href":"https:\/\/e-lexia.com\/blog\/wp-json\/wp\/v2\/users\/1"}],"replies":[{"embeddable":true,"href":"https:\/\/e-lexia.com\/blog\/wp-json\/wp\/v2\/comments?post=2253"}],"version-history":[{"count":0,"href":"https:\/\/e-lexia.com\/blog\/wp-json\/wp\/v2\/pages\/2253\/revisions"}],"wp:attachment":[{"href":"https:\/\/e-lexia.com\/blog\/wp-json\/wp\/v2\/media?parent=2253"}],"curies":[{"name":"wp","href":"https:\/\/api.w.org\/{rel}","templated":true}]}}