{"id":234,"date":"2018-08-09T19:50:18","date_gmt":"2018-08-10T00:50:18","guid":{"rendered":"https:\/\/e-lexia.com\/medellintips\/?page_id=234"},"modified":"2018-08-09T19:50:18","modified_gmt":"2018-08-10T00:50:18","slug":"politica-de-privacidad","status":"publish","type":"page","link":"https:\/\/e-lexia.com\/medellintips\/politica-de-privacidad\/","title":{"rendered":"Pol\u00edtica de privacidad"},"content":{"rendered":"<p>En este documento te informamos -con total transparencia- la finalidad de este sitio web y todo lo que responde a los datos que nos faciliras, as\u00ed como las obligaciones y derechos que te corresponden.<\/p>\n<p>Para iniciar, esta web se adapta a la normativa vigente en relaci\u00f3n con la protecci\u00f3n de datos, lo que cobija los datos personales que nos facilitas con tu consentimiento expreso y a las <em>cookies<\/em> que utilizamos para que este sitio web funcione correctamente.<\/p>\n<p>En espec\u00edfico, esta web cumple con las siguientes normativas:<\/p>\n<ul>\n<li>El RGPD (Reglamento (UE) 2016\/679 del Parlamento Europeo y del Consejo de 27 de abril de 2016 relativo a la protecci\u00f3n de las personas f\u00edsicas) que es la nueva normativa de la Uni\u00f3n Europea que unifica la regulaci\u00f3n del tratamiento de los datos personales en los distintos pa\u00edses de la UE.<\/li>\n<li>La LOPD (Ley Org\u00e1nica 15\/1999, de 13 de diciembre, de Protecci\u00f3n de Datos de Car\u00e1cter Personal y Real Decreto 1720\/2007, de 21 de diciembre, el Reglamento de desarrollo de la LOPD) que regula el tratamiento de los datos personales y las obligaciones que debemos asumir los responsables de una web o un blog a la hora de gestionar esta informaci\u00f3n.<\/li>\n<li>La LSSI (Ley 34\/2002, de 11 de julio, de Servicios de la Sociedad de la Informaci\u00f3n y Comercio Electr\u00f3nico) que regula las transacciones econ\u00f3micas mediante medios electr\u00f3nicos, como es el caso de este blog<\/li>\n<\/ul>\n<h3>Datos de identificaci\u00f3n<\/h3>\n<p>El autor y responsable de este sitio web es <a href=\"http:\/\/www.e-lexia.com\">e-Lexia.com<\/a>, un proyecto personal que ofrece contenidos digitales libres en plataformas electr\u00f3nicas.<\/p>\n<p>La informaci\u00f3n que nos entregues, y de acuerdo a lo mencionado anteriormente, ser\u00e1n incorporados en un documento automatizado al que solo tiene acceso e-Lexia.com. Esto quiere decir que tus datos est\u00e1n seguros. Adem\u00e1s, los datos se tratar\u00e1n con los fines previstos y descritos a continuaci\u00f3n, hasta el momento en que solicites su eliminaci\u00f3n.<\/p>\n<p>Por cierto, esta pol\u00edtica de privacidad puede ser modificada en cualquier momento, con el prop\u00f3sito de ajustarla a nuevas normativas nacionales e internacionales. Dicha modificaci\u00f3n ser\u00e1 notificada en este mismo espacio.<\/p>\n<h3>Condiciones de uso<\/h3>\n<p>Ten presente que siempre te solicitamos un consentimiento para recabar tus datos, indicando la respectiva finalidad en cada caso. Lo anterior implica que, en caso de ortorgarnos el consentimiento, conoces y aceptas esta pol\u00edtica.<\/p>\n<p>En el momento en que accedas y uses este sitio web, est\u00e1s asumiendo tu condici\u00f3n de usuario y est\u00e1s adquiriendo derechos y obligaciones.<\/p>\n<p>Si tienes m\u00e1s de 13 a\u00f1os, puedes registrarte en este sitio web sin el consentimiento previo de tus padres o tutores. Si eres menor a 13 a\u00f1os, necesitas el permiso de tus padres o tutores, para el tratamiento de tus datos personales.<\/p>\n<h3>Registro y finalidad de tus datos<\/h3>\n<p>Depende del formulario o la secci\u00f3n a la que accedas, te solicitaremos exclusivamente la informaci\u00f3n necesaria con las finalidades descritas a continuaci\u00f3n.<\/p>\n<ul>\n<li>Las finalidades que se indiquen en cada una de las p\u00e1ginas o secci\u00f3n donde aparezca un formulario de registro o contacto.<\/li>\n<li>Con car\u00e1cter general, para responder a tus comentarios, consultas, solicitudes o cualquier tipo de petici\u00f3n, que realices como usuario.<\/li>\n<li>Para informarte sobre actividades, productos, novedades, servicios, consultas y peticiones, sea por correo electr\u00f3nico, fax, mensajer\u00eda instant\u00e1nea, mensaje de texto y tel\u00e9fono.<\/li>\n<li>Para enviarte comunicaciones comerciales y publicitarias, a trav\u00e9s de medios electr\u00f3nicos y f\u00edsicos.<\/li>\n<\/ul>\n<p>Ten presente que estas comunicaciones siempre est\u00e1n relacionadas con nuestros productos, servicios, novedades y promociones, as\u00ed como aquella informaci\u00f3n que podamos considerar de tu inter\u00e9s y que puedan ofrecer nuestros colaboradores y empresas con las que tengamos acuerdos de promoci\u00f3n o colaboraci\u00f3n comercial.<\/p>\n<p>Da por hecho que, de ser as\u00ed, los terceros nunca tendr\u00e1n acceso a tu informaci\u00f3n personal.<\/p>\n<p>En caso de encontrar un enlace web a un tercero, estos solo buscan facilitar tu experiencia de usuario. <\/p>\n<p>Las p\u00e1ginas enlazadas y pertenecientos a terceros no han sido revisadas ni controladas por e-Lexia.com, por lo que en ning\u00fan caso nos consideramos responsables de los contenidos de estos sitio web, de las responsabilidades derivadas del uso, no de las medidades que se adopten relativas a la privacidad del usuario, entre otras.<\/p>\n<p>Por lo anterior, te aconsejamos leer en detalle -y de manera anticipada- las pol\u00edticas y condiciones de uso de los sitios web de terceros.<\/p>\n<h3>Exactitud y veracidad de los datos<\/h3>\n<p>Como usuario, eres el \u00fanico responsable de la veracidad y modificaci\u00f3n de los datos que nos remitas. Esto nos exonera de cualquier responsabilidad al respecto.<\/p>\n<p>En otras palabras, a ti te corresponde garantizar y responder -en cualquier caso- por la exactitud, vigencias y autenticidad de los datos entregados, y te comprometes a mantenerlos actualizados.<\/p>\n<p>De acuerdo a lo expresado en esta pol\u00edtica, aceptar compartir informaci\u00f3n completa y correcta en los diferentes formularios de contacto y suscripci\u00f3n.<\/p>\n<h3>Bajas de suscripci\u00f3n y derecho de revocaci\u00f3n<\/h3>\n<p>Como titular de la informaci\u00f3n que nos has enviado, puedes ejercer -en cualquier momento- tus derechos de acceso, rectificaci\u00f3n, cancelaci\u00f3n y oposici\u00f3n, a trav\u00e9s de un correcto electr\u00f3nico a medellintips@e-lexia.com, adjuntando copia de tu documento de identidad como prueba v\u00e1lida.<\/p>\n<p>De igual forma, puedes darte de baja de cualquier bolet\u00edn electr\u00f3nico o cualquier comunicaci\u00f3n comercial, utilizando el mismo correo electr\u00f3nico que se mencion\u00f3 anteriormente.<\/p>\n<h3>Acceso a datos por cuenta de terceros<\/h3>\n<p>Para administrar y operar correctamente este sitio web, e-Lexia.com comparte datos con los siguientes prestadores de servicios, conociendo y aceptando sus condiciones de privacidad.<\/p>\n<p>Puedes estar tranquilo que estos terceros nunca utilizar\u00e1n tus datos para otra actividad que no sea la que hemos establecido con ellos.<\/p>\n<h4>Google Analytics<\/h4>\n<p>Google Analytics es un servicio anal\u00edtico de web prestado por Google, Inc., una compa\u00f1\u00eda de Delaware, cuya oficina principal est\u00e1 en 1600 Amphitheatre Parkway, Mountain View (California), CA 94043, Estados Unidos (\u201cGoogle\u201d).<\/p>\n<p>Google Analytics utiliza <em>cookies<\/em>, para ayudarnos a analizar el uso que haces de este sitio web.<\/p>\n<p>La informaci\u00f3n que genera esta <em>cookie<\/em> (incluyendo tu direcci\u00f3n IP) es transmitida y archivada por Google. Esta empresa <\/p>\n<p>Google puede transmitir tus datos a terceros cuando lo establezca la ley, o cuando estos terceros procesan informaci\u00f3n por cuenta de Google.<\/p>\n<p>Recuerda que tienes el derecho de rechazar el tratamiento de los datos, impidiendo el uso de las cookies (mediante la selecci\u00f3n de la configuraci\u00f3n de tu navegador), pero debes tener presente que esto puede afectar tu experiencia en el sitio web.<\/p>\n<p>Si utilizas esta web, aceptas el tratamiento de datos por parte de Google. Para m\u00e1s informaci\u00f3n, conoce la <a href=\"https:\/\/www.google.com\/intl\/es\/policies\/privacy\/\" rel=\"noopener\" target=\"_blank\">pol\u00edtica de privacidad de Google<\/a>.<\/p>\n<h4>Google Adsense<\/h4>\n<p>Este sitio web integra anuncios publicitarios de Google Adsense, lo que supone el uso de <em>cookies<\/em>.<\/p>\n<p>Puedes deshabilitar la <em>cookie<\/em> a trav\u00e9s del mismo anuncio de Google y accediendo a la <a href=\"https:\/\/www.google.com\/intl\/es\/policies\/privacy\/\" rel=\"noopener\" target=\"_blank\">pol\u00edtica de privacidad de la red de contenido<\/a>.<\/p>\n<p>Google utiliza empresas publicitarias asociadas para publicar anuncios cuando visitas este sitio web. Es posible que estas empresas usen la informaci\u00f3n que obtienen de tus visitas a este y otros sitios web (sin incluir tu nombre, direcci\u00f3n, direcci\u00f3n de correo electr\u00f3nico o n\u00famero de tel\u00e9fono) para ofrecerte anuncios sobre productos y servicios.  <\/p>\n<p>Al utilizar esta web, consientes el tratamiento de datos por parte de Google en la forma y para los fines indicados.<\/p>\n<h3>Medidas de seguridad<\/h3>\n<p>Como titular de esta web, e-Lexia.com ha adoptado medidas t\u00e9cnicas para garantizar la seguridad e integridad de los datos de car\u00e1cter personal que trate, as\u00ed como para evitar su p\u00e9rdida, alteraci\u00f3n y\/o acceso por parte de terceros no autorizados.<\/p>\n","protected":false},"excerpt":{"rendered":"<p>En este documento te informamos -con total transparencia- la finalidad de este sitio web y todo lo que responde a los datos que nos faciliras, as\u00ed como las obligaciones y derechos que te corresponden. Para iniciar, esta web se adapta&#8230;<\/p>\n<div class=\"more-link-wrapper\"><a class=\"more-link\" href=\"https:\/\/e-lexia.com\/medellintips\/politica-de-privacidad\/\">Conoce la experiencia&#8230;<span class=\"screen-reader-text\">Pol\u00edtica de privacidad<\/span><\/a><\/div>\n","protected":false},"author":1,"featured_media":0,"parent":0,"menu_order":0,"comment_status":"closed","ping_status":"closed","template":"","meta":{"footnotes":""},"class_list":["post-234","page","type-page","status-publish","hentry","excerpt","zoom","full-without-featured","even","excerpt-0"],"_links":{"self":[{"href":"https:\/\/e-lexia.com\/medellintips\/wp-json\/wp\/v2\/pages\/234","targetHints":{"allow":["GET"]}}],"collection":[{"href":"https:\/\/e-lexia.com\/medellintips\/wp-json\/wp\/v2\/pages"}],"about":[{"href":"https:\/\/e-lexia.com\/medellintips\/wp-json\/wp\/v2\/types\/page"}],"author":[{"embeddable":true,"href":"https:\/\/e-lexia.com\/medellintips\/wp-json\/wp\/v2\/users\/1"}],"replies":[{"embeddable":true,"href":"https:\/\/e-lexia.com\/medellintips\/wp-json\/wp\/v2\/comments?post=234"}],"version-history":[{"count":0,"href":"https:\/\/e-lexia.com\/medellintips\/wp-json\/wp\/v2\/pages\/234\/revisions"}],"wp:attachment":[{"href":"https:\/\/e-lexia.com\/medellintips\/wp-json\/wp\/v2\/media?parent=234"}],"curies":[{"name":"wp","href":"https:\/\/api.w.org\/{rel}","templated":true}]}}