{"id":97,"date":"2016-09-26T10:55:36","date_gmt":"2016-09-26T15:55:36","guid":{"rendered":"https:\/\/e-lexia.com\/medellintips\/?page_id=97"},"modified":"2023-06-12T22:21:21","modified_gmt":"2023-06-13T03:21:21","slug":"participar-en-medellin-tips","status":"publish","type":"page","link":"https:\/\/e-lexia.com\/medellintips\/participar-en-medellin-tips\/","title":{"rendered":"\u00bfQuieres estar en Medellin.Tips?"},"content":{"rendered":"\n<p>En <strong><a href=\"https:\/\/e-lexia.com\/medellintips\/\">Medellin.Tips<\/a><\/strong> queremos vivir y documentar el mayor n\u00famero de experiencias de la ciudad y sus alrededores.<\/p>\n\n\n\n<p>Sin embargo, necesitamos la ayuda de todos para identificar los lugares de inter\u00e9s y esparcimiento para turistas y lugare\u00f1os.<\/p>\n\n\n\n<p>Si consideras que tu comercio debe aparecer en nuestro blog y redes sociales, diligencia el <a href=\"https:\/\/e-lexia.com\/contacto.html\" target=\"_blank\" rel=\"noreferrer noopener\">siguiente formulario<\/a>, cont\u00e1ndonos <strong>por qu\u00e9 debemos visitarte<\/strong>.<\/p>\n\n\n\n<p>En menos de 72 horas, nuestro equipo de trabajo se comunicar\u00e1 contigo para programar una visita.<\/p>\n\n\n\n<p>Ten presente que nos interesa rese\u00f1ar la experiencia a detalle, por lo que esperamos autorizaci\u00f3n para registros audiovisuales.<\/p>\n\n\n\n<p><strong>Nota de privacidad:<\/strong> la informaci\u00f3n solo ser\u00e1 utilizada para contactar y programar una visita. En ning\u00fan momento ser\u00e1 tratada para otros fines, ni mucho menos para compartirla con terceros.<\/p>\n\n\n\n<h3 class=\"wp-block-heading\">\u00bfQu\u00e9 lugares y comercios aplican?<\/h3>\n\n\n\n<p>En Medell\u00edn.Tips queremos conocer todos los espacios de la ciudad, el \u00c1rea Metropolitana del Valle de Aburr\u00e1 y el departamento de Antioquia.<\/p>\n\n\n\n<p>Todos los ecenarios p\u00fablicos y privados que permiten el ingreso de personas tienen cabida en este proyecto de contenido cultural y tur\u00edstico. Por ejemplo:<\/p>\n\n\n\n<ul class=\"wp-block-list\">\n<li>Bibliotecas.<\/li>\n\n\n\n<li>Centros comerciales.<\/li>\n\n\n\n<li>Escenarios deportivos.<\/li>\n\n\n\n<li>Parques naturales y recreativos.<\/li>\n\n\n\n<li>Restaurantes.<\/li>\n\n\n\n<li>Sistemas de transporte.<\/li>\n\n\n\n<li>Teatros.<\/li>\n<\/ul>\n\n\n\n<h3 class=\"wp-block-heading\">\u00bfTiene un costo aparecer Medell\u00edn.Tips?<\/h3>\n\n\n\n<p>Por lo pronto, todas las rese\u00f1as que aparecen en nuestro blog y redes sociales son gratuitas, y responden a nuestro propio ejercicio de recorrer y descubrir el territorio.<\/p>\n\n\n\n<p>Sin embargo, si un comercio o entidad p\u00fablica desea una producci\u00f3n multimedia (texto, imagen, mapa sonoro y video-presentaci\u00f3n) puede ponerse en contacto con nuestro equipo comercial.<\/p>\n\n\n\n<p>Con cualquiera de las dos posibilidades, estaremos felices de visitarlos y narrar una experiencia positiva para nuestros lectores.<\/p>\n","protected":false},"excerpt":{"rendered":"<p>En Medellin.Tips queremos vivir y documentar el mayor n\u00famero de experiencias de la ciudad y sus alrededores. Sin embargo, necesitamos la ayuda de todos para identificar los lugares de inter\u00e9s y esparcimiento para turistas y lugare\u00f1os. Si consideras que tu&#8230;<\/p>\n<div class=\"more-link-wrapper\"><a class=\"more-link\" href=\"https:\/\/e-lexia.com\/medellintips\/participar-en-medellin-tips\/\">Conoce la experiencia&#8230;<span class=\"screen-reader-text\">\u00bfQuieres estar en Medellin.Tips?<\/span><\/a><\/div>\n","protected":false},"author":1,"featured_media":0,"parent":0,"menu_order":0,"comment_status":"closed","ping_status":"closed","template":"","meta":{"footnotes":""},"class_list":["post-97","page","type-page","status-publish","hentry","excerpt","zoom","full-without-featured","even","excerpt-0"],"_links":{"self":[{"href":"https:\/\/e-lexia.com\/medellintips\/wp-json\/wp\/v2\/pages\/97","targetHints":{"allow":["GET"]}}],"collection":[{"href":"https:\/\/e-lexia.com\/medellintips\/wp-json\/wp\/v2\/pages"}],"about":[{"href":"https:\/\/e-lexia.com\/medellintips\/wp-json\/wp\/v2\/types\/page"}],"author":[{"embeddable":true,"href":"https:\/\/e-lexia.com\/medellintips\/wp-json\/wp\/v2\/users\/1"}],"replies":[{"embeddable":true,"href":"https:\/\/e-lexia.com\/medellintips\/wp-json\/wp\/v2\/comments?post=97"}],"version-history":[{"count":0,"href":"https:\/\/e-lexia.com\/medellintips\/wp-json\/wp\/v2\/pages\/97\/revisions"}],"wp:attachment":[{"href":"https:\/\/e-lexia.com\/medellintips\/wp-json\/wp\/v2\/media?parent=97"}],"curies":[{"name":"wp","href":"https:\/\/api.w.org\/{rel}","templated":true}]}}